{"id":6029,"date":"2022-03-16T14:27:08","date_gmt":"2022-03-16T13:27:08","guid":{"rendered":"https:\/\/miracum.cms.rrze.uni-erlangen.de\/?page_id=6029"},"modified":"2024-05-28T11:14:02","modified_gmt":"2024-05-28T09:14:02","slug":"zertifikatskurse","status":"publish","type":"page","link":"https:\/\/www.miracum.org\/en\/lehre\/zertifikatskurse\/","title":{"rendered":"Academic Certificates"},"content":{"rendered":"<p style=\"text-align: justify\"><span style=\"font-family: helvetica, arial, sans-serif\">Regardless of the course of studies, the health care system requires constant further training for the future demanding qualified jobs in information technology. This is especially true because of the rapid methodological and technological progress as well as the frequent lack of medical knowledge, which is necessary for the successful conception, development and introduction of typical medical applications. Without further training, one quickly loses the professional connection nowadays. For this reason, certified online continuing education courses in Medicine, Computer Science, Medical Informatics and Bioinformatics will be offered.<\/span><\/p>\n<p style=\"text-align: justify\"><span style=\"font-family: helvetica, arial, sans-serif\">The certificate offer of the continuing education master \u201cBiomedical Informatics and Data Science\u201d comprises:<\/span><\/p>\n<ul style=\"text-align: justify\">\n<li><span style=\"font-family: helvetica, arial, sans-serif\">Individual modules amounting to 5 ECTS (duration: 6 weeks), after the successful completion of which a university certificate is issued<\/span><\/li>\n<li><span style=\"font-family: helvetica, arial, sans-serif\">Module combinations amounting to 10 ECTS (duration: 12 weeks), after the successful completion of which a Certificate of Advanced Studies (CAS) is issued<\/span><\/li>\n<li><span style=\"font-family: helvetica, arial, sans-serif\">Module combinations of 30 ECTS (duration: usually 1 year), after the successful completion of which a Diploma of Advanced Studies (DAS) is issued<\/span><\/li>\n<\/ul>\n<p style=\"text-align: justify\"><span style=\"font-family: helvetica, arial, sans-serif\">Certificate courses can be selected from the following module groups:<\/span><\/p>\n<div class=\"rrze-elements accordion style_default\" id=\"accordion-0\">\n<div class=\"accordion-group\">\n<h2 class=\"accordion-heading\"><button class=\"accordion-toggle\" data-toggle=\"collapse\"  href=\"#collapse_0\" aria-expanded=\"false\" aria-controls=\"collapse_0\" id=\"collapse_button_0\"> Medicine <\/button><\/h2>\n<div id=\"collapse_0\" class=\"accordion-body\" aria-labelledby=\"collapse_button_0\">\n<div class=\"accordion-inner clearfix\">\n<div id=\"target-id6231e2e7b171d\" class=\"collapseomatic_content \">\n<ul>\n<li><a href=\"https:\/\/www.master-bids.hs-mannheim.de\/studienangebot\/krankheitslehre-onkologie-2.html\">Krankheitslehre Onkologie<\/a><\/li>\n<li><a href=\"https:\/\/www.master-bids.hs-mannheim.de\/studienangebot\/krankheitslehre-herz-kreislauferkrankungen.html\">Krankheitslehre Herz-Kreislauf-Erkrankungen<\/a><\/li>\n<li><a href=\"https:\/\/www.master-bids.hs-mannheim.de\/studienangebot\/krankheitslehre-infektionskrankheiten.html\">Krankheitslehre Infektionserkrankungen<\/a><\/li>\n<li><a href=\"https:\/\/www.master-bids.hs-mannheim.de\/studienangebot\/pflegedokumentation-und-prozesse.html\">Pflegedokumentation- und Prozesse<\/a><\/li>\n<li><a href=\"https:\/\/www.master-bids.hs-mannheim.de\/waagerechte-navigation\/studienangebot\/weiterbildungsangebote-und-hochschulzertifikate\/medizinethik.html\">Medizinethik<\/a><\/li>\n<\/ul>\n<\/div>\n<\/div>\n<\/div>\n<\/div>\n<div class=\"accordion-group\">\n<h2 class=\"accordion-heading\"><button class=\"accordion-toggle\" data-toggle=\"collapse\"  href=\"#collapse_1\" aria-expanded=\"false\" aria-controls=\"collapse_1\" id=\"collapse_button_1\"> Informatics <\/button><\/h2>\n<div id=\"collapse_1\" class=\"accordion-body\" aria-labelledby=\"collapse_button_1\">\n<div class=\"accordion-inner clearfix\">\n<div id=\"target-id6231e2e7b174d\" class=\"collapseomatic_content \">\n<ul>\n<li><a href=\"https:\/\/www.master-bids.hs-mannheim.de\/studienangebot\/datenbanken-und-informationssysteme.html\">Datenbanken und Informationssysteme <\/a><\/li>\n<li><a href=\"https:\/\/www.master-bids.hs-mannheim.de\/studienangebot\/datenmanagement-und-archivierung-im-umfeld-der-forschung.html\">Datenmanagement und Archivierung im Umfeld der Forschung<\/a><\/li>\n<li><a href=\"https:\/\/www.master-bids.hs-mannheim.de\/studienangebot\/software-engineering.html\">Software-Engineering<\/a><\/li>\n<li><a href=\"https:\/\/www.master-bids.hs-mannheim.de\/studienangebot\/kuenstliche-intelligenz.html\">K\u00fcnstliche Intelligenz<\/a><\/li>\n<li><a href=\"https:\/\/www.master-bids.hs-mannheim.de\/studienangebot\/algorithmen-und-komplexe-datenstrukturen.html\">Algorithmen und komplexe Datenstrukturen<\/a><\/li>\n<\/ul>\n<\/div>\n<\/div>\n<\/div>\n<\/div>\n<div class=\"accordion-group\">\n<h2 class=\"accordion-heading\"><button class=\"accordion-toggle\" data-toggle=\"collapse\"  href=\"#collapse_2\" aria-expanded=\"false\" aria-controls=\"collapse_2\" id=\"collapse_button_2\"> Medical Informatics <\/button><\/h2>\n<div id=\"collapse_2\" class=\"accordion-body\" aria-labelledby=\"collapse_button_2\">\n<div class=\"accordion-inner clearfix\">\n<div id=\"target-id6231e2e7b1760\" class=\"collapseomatic_content \">\n<ul>\n<li><a href=\"https:\/\/www.master-bids.hs-mannheim.de\/studienangebot\/forschungsdatenmanagement.html\">Forschungsdatenmanagement<\/a><\/li>\n<li><a href=\"https:\/\/www.master-bids.hs-mannheim.de\/studienangebot\/it-infrastrukturen-fuer-die-medizinische-forschung.html\">IT-Infrastruktur f\u00fcr die Medizinische Forschung<\/a><\/li>\n<li><a href=\"https:\/\/www.master-bids.hs-mannheim.de\/studienangebot\/syntaktische-und-semantische-interoperabilitaet-in-der-medizin.html\">Syntaktische und Semantische Interoperabilit\u00e4t in der Medzin<\/a><\/li>\n<li><a href=\"https:\/\/www.master-bids.hs-mannheim.de\/studienangebot\/data-warehouse-und-datenintegration.html\">Data Warehouse und Datenintegration<\/a><\/li>\n<li><a href=\"https:\/\/www.master-bids.hs-mannheim.de\/studienangebot\/regulatorische-anforderungen-an-medizinische-softwaresysteme.html\">Regulatorische Anforderungen an medizinische Softwaresysteme<\/a><\/li>\n<\/ul>\n<\/div>\n<\/div>\n<\/div>\n<\/div>\n<div class=\"accordion-group\">\n<h2 class=\"accordion-heading\"><button class=\"accordion-toggle\" data-toggle=\"collapse\"  href=\"#collapse_3\" aria-expanded=\"false\" aria-controls=\"collapse_3\" id=\"collapse_button_3\"> Biomedical Data Science <\/button><\/h2>\n<div id=\"collapse_3\" class=\"accordion-body\" aria-labelledby=\"collapse_button_3\">\n<div class=\"accordion-inner clearfix\">\n<div id=\"target-id6231e2e7b1771\" class=\"collapseomatic_content \">\n<ul>\n<li><a href=\"https:\/\/www.master-bids.hs-mannheim.de\/studienangebot\/bioinformatik-und-systembiologie.html\">Bioinformatik und Systembiologie<\/a><\/li>\n<li><a href=\"https:\/\/www.master-bids.hs-mannheim.de\/studienangebot\/angewandte-molekulardiagnostik-und-systemmedizin.html\">Angewandte Molekulardiagnostik und Systemmedizin<\/a><\/li>\n<li><a href=\"https:\/\/www.master-bids.hs-mannheim.de\/studienangebot\/methoden-und-techniken-des-data-mining-und-text-mining-sowie-machine-learning.html\">Methoden &amp; Techniken des Data Mining, Text sowie Machine Learning<\/a><\/li>\n<li><a href=\"https:\/\/www.master-bids.hs-mannheim.de\/studienangebot\/visualisierungstechnologien-und-visual-analytics-in-der-medizin.html\">Visualisierungstechnologien und Visual Analytics in der Medizin<\/a><\/li>\n<li><a href=\"https:\/\/www.master-bids.hs-mannheim.de\/studienangebot\/bistatistik-und-studiendesign.html\">Biostatistik und Studiendesign<\/a><\/li>\n<\/ul>\n<\/div>\n<\/div>\n<\/div>\n<\/div>\n<div class=\"accordion-group\">\n<h2 class=\"accordion-heading\"><button class=\"accordion-toggle\" data-toggle=\"collapse\"  href=\"#collapse_4\" aria-expanded=\"false\" aria-controls=\"collapse_4\" id=\"collapse_button_4\"> Management and Social Skills <\/button><\/h2>\n<div id=\"collapse_4\" class=\"accordion-body\" aria-labelledby=\"collapse_button_4\">\n<div class=\"accordion-inner clearfix\">\n<div id=\"target-id6231e2e7b1781\" class=\"collapseomatic_content \">\n<ul>\n<li><a href=\"https:\/\/www.master-bids.hs-mannheim.de\/studienangebot\/wissenschaftliches-arbeiten.html\">Wissenschaftliches Arbeiten <\/a><\/li>\n<li><a href=\"https:\/\/www.master-bids.hs-mannheim.de\/studienangebot\/konflikt-fehler-und-qualitaetsmanagement-sowie-patientensicherheit.html\">Konflikt-, Fehler- und Qualit\u00e4tsmanagement sowie Patientensicherheit<\/a><\/li>\n<li><a href=\"https:\/\/www.master-bids.hs-mannheim.de\/studienangebot\/praesentations-gespraechs-und-verhandlungsfuehrung.html\">Pr\u00e4sentation, Gespr\u00e4ch- und Verhandlungsf\u00fchrung<\/a><\/li>\n<li><a href=\"https:\/\/www.master-bids.hs-mannheim.de\/studienangebot\/projektmanagement-und-personalfuehrung.html\">Projektmanagement und Personalf\u00fchrung<\/a><\/li>\n<li><a href=\"https:\/\/www.master-bids.hs-mannheim.de\/studienangebot\/informationsmanagement-im-gesundheitswesen.html\">Informationsmanagement im Gesundheitswesen<\/a><\/li>\n<\/ul>\n<\/div>\n<\/div>\n<\/div>\n<\/div>\n<p>\n<\/div>\n\n<h3 style=\"text-align: justify\"><span style=\"font-family: helvetica, arial, sans-serif\">Further Information<\/span><\/h3>\n<p style=\"text-align: justify\"><span style=\"font-family: helvetica, arial, sans-serif\"><a href=\"https:\/\/www.master-bids.hs-mannheim.de\/zertifikatskurse.html\">BIDS Website \u2013 Academic Certificates<\/a><\/span><\/p>\n<div class=\"shariff\"><ul class=\"shariff-buttons theme-default orientation-horizontal buttonsize-medium\"><li class=\"shariff-button mastodon shariff-nocustomcolor\" style=\"background-color:#563ACC\"><a href=\"https:\/\/s2f.kytta.dev\/?text=Academic%20Certificates https%3A%2F%2Fwww.miracum.org%2Fen%2Flehre%2Fzertifikatskurse%2F\" title=\"Share on Mastodon\" aria-label=\"Share on Mastodon\" role=\"button\" rel=\"noopener nofollow\" class=\"shariff-link\" style=\"; background-color:#6364FF; color:#fff\" target=\"_blank\"><span class=\"shariff-icon\" style=\"\"><svg width=\"75\" height=\"79\" viewBox=\"0 0 75 79\" fill=\"none\" xmlns=\"http:\/\/www.w3.org\/2000\/svg\"><path d=\"M37.813-.025C32.462-.058 27.114.13 21.79.598c-8.544.621-17.214 5.58-20.203 13.931C-1.12 23.318.408 32.622.465 41.65c.375 7.316.943 14.78 3.392 21.73 4.365 9.465 14.781 14.537 24.782 15.385 7.64.698 15.761-.213 22.517-4.026a54.1 54.1 0 0 0 .01-6.232c-6.855 1.316-14.101 2.609-21.049 1.074-3.883-.88-6.876-4.237-7.25-8.215-1.53-3.988 3.78-.43 5.584-.883 9.048 1.224 18.282.776 27.303-.462 7.044-.837 14.26-4.788 16.65-11.833 2.263-6.135 1.215-12.79 1.698-19.177.06-3.84.09-7.692-.262-11.52C72.596 7.844 63.223.981 53.834.684a219.453 219.453 0 0 0-16.022-.71zm11.294 12.882c5.5-.067 10.801 4.143 11.67 9.653.338 1.48.471 3 .471 4.515v21.088h-8.357c-.07-7.588.153-15.182-.131-22.765-.587-4.368-7.04-5.747-9.672-2.397-2.422 3.04-1.47 7.155-1.67 10.735v6.392h-8.307c-.146-4.996.359-10.045-.404-15.002-1.108-4.218-7.809-5.565-10.094-1.666-1.685 3.046-.712 6.634-.976 9.936v14.767h-8.354c.109-8.165-.238-16.344.215-24.5.674-5.346 5.095-10.389 10.676-10.627 4.902-.739 10.103 2.038 12.053 6.631.375 1.435 1.76 1.932 1.994.084 1.844-3.704 5.501-6.739 9.785-6.771.367-.044.735-.068 1.101-.073z\"\/><defs><linearGradient id=\"paint0_linear_549_34\" x1=\"37.0692\" y1=\"0\" x2=\"37.0692\" y2=\"79\" gradientUnits=\"userSpaceOnUse\"><stop stop-color=\"#6364FF\"\/><stop offset=\"1\" stop-color=\"#563ACC\"\/><\/linearGradient><\/defs><\/svg><\/span><span class=\"shariff-text\">share<\/span>&nbsp;<\/a><\/li><li class=\"shariff-button facebook shariff-nocustomcolor\" style=\"background-color:#4273c8\"><a href=\"https:\/\/www.facebook.com\/sharer\/sharer.php?u=https%3A%2F%2Fwww.miracum.org%2Fen%2Flehre%2Fzertifikatskurse%2F\" title=\"Share on Facebook\" aria-label=\"Share on Facebook\" role=\"button\" rel=\"nofollow\" class=\"shariff-link\" style=\"; background-color:#3b5998; color:#fff\" target=\"_blank\"><span class=\"shariff-icon\" style=\"\"><svg width=\"32px\" height=\"20px\" xmlns=\"http:\/\/www.w3.org\/2000\/svg\" viewBox=\"0 0 18 32\"><path fill=\"#3b5998\" d=\"M17.1 0.2v4.7h-2.8q-1.5 0-2.1 0.6t-0.5 1.9v3.4h5.2l-0.7 5.3h-4.5v13.6h-5.5v-13.6h-4.5v-5.3h4.5v-3.9q0-3.3 1.9-5.2t5-1.8q2.6 0 4.1 0.2z\"\/><\/svg><\/span><span class=\"shariff-text\">share<\/span>&nbsp;<\/a><\/li><li class=\"shariff-button linkedin shariff-nocustomcolor\" style=\"background-color:#1488bf\"><a href=\"https:\/\/www.linkedin.com\/sharing\/share-offsite\/?url=https%3A%2F%2Fwww.miracum.org%2Fen%2Flehre%2Fzertifikatskurse%2F\" title=\"Share on LinkedIn\" aria-label=\"Share on LinkedIn\" role=\"button\" rel=\"noopener nofollow\" class=\"shariff-link\" style=\"; background-color:#0077b5; color:#fff\" target=\"_blank\"><span class=\"shariff-icon\" style=\"\"><svg width=\"32px\" height=\"20px\" xmlns=\"http:\/\/www.w3.org\/2000\/svg\" viewBox=\"0 0 27 32\"><path fill=\"#0077b5\" d=\"M6.2 11.2v17.7h-5.9v-17.7h5.9zM6.6 5.7q0 1.3-0.9 2.2t-2.4 0.9h0q-1.5 0-2.4-0.9t-0.9-2.2 0.9-2.2 2.4-0.9 2.4 0.9 0.9 2.2zM27.4 18.7v10.1h-5.9v-9.5q0-1.9-0.7-2.9t-2.3-1.1q-1.1 0-1.9 0.6t-1.2 1.5q-0.2 0.5-0.2 1.4v9.9h-5.9q0-7.1 0-11.6t0-5.3l0-0.9h5.9v2.6h0q0.4-0.6 0.7-1t1-0.9 1.6-0.8 2-0.3q3 0 4.9 2t1.9 6z\"\/><\/svg><\/span><span class=\"shariff-text\">share<\/span>&nbsp;<\/a><\/li><li class=\"shariff-button info shariff-nocustomcolor\" style=\"background-color:#eee\"><a href=\"http:\/\/ct.de\/-2467514\" title=\"More information\" aria-label=\"More information\" role=\"button\" rel=\"noopener \" class=\"shariff-link\" style=\"; background-color:#fff; color:#fff\" target=\"_blank\"><span class=\"shariff-icon\" style=\"\"><svg width=\"32px\" height=\"20px\" xmlns=\"http:\/\/www.w3.org\/2000\/svg\" viewBox=\"0 0 11 32\"><path fill=\"#999\" d=\"M11.4 24v2.3q0 0.5-0.3 0.8t-0.8 0.4h-9.1q-0.5 0-0.8-0.4t-0.4-0.8v-2.3q0-0.5 0.4-0.8t0.8-0.4h1.1v-6.8h-1.1q-0.5 0-0.8-0.4t-0.4-0.8v-2.3q0-0.5 0.4-0.8t0.8-0.4h6.8q0.5 0 0.8 0.4t0.4 0.8v10.3h1.1q0.5 0 0.8 0.4t0.3 0.8zM9.2 3.4v3.4q0 0.5-0.4 0.8t-0.8 0.4h-4.6q-0.4 0-0.8-0.4t-0.4-0.8v-3.4q0-0.4 0.4-0.8t0.8-0.4h4.6q0.5 0 0.8 0.4t0.4 0.8z\"\/><\/svg><\/span><\/a><\/li><\/ul><\/div>","protected":false},"excerpt":{"rendered":"<p>Regardless of the course of studies, the health care system requires constant further training for the future demanding qualified jobs in information technology. This is especially true because of the&hellip;<!--&hellip;--> <a class=\"more-link fa fa-angle-double-right\" href=\"https:\/\/www.miracum.org\/en\/lehre\/zertifikatskurse\/\" title=\"Read more about &quot;Academic Certificates&quot;\"><\/a><\/p>\n","protected":false},"author":3748,"featured_media":0,"parent":5767,"menu_order":0,"comment_status":"closed","ping_status":"closed","template":"","meta":{"_rrze_cache":"enabled","_rrze_multilang_single_locale":"en_US","_rrze_multilang_single_source":"https:\/\/miracum.cms.rrze.uni-erlangen.de\/?page_id=6026","footnotes":""},"page_category":[],"page_tag":[],"workflow_usergroup":[],"class_list":["post-6029","page","type-page","status-publish","hentry","en-US"],"_links":{"self":[{"href":"https:\/\/www.miracum.org\/wp-json\/wp\/v2\/pages\/6029","targetHints":{"allow":["GET"]}}],"collection":[{"href":"https:\/\/www.miracum.org\/wp-json\/wp\/v2\/pages"}],"about":[{"href":"https:\/\/www.miracum.org\/wp-json\/wp\/v2\/types\/page"}],"author":[{"embeddable":true,"href":"https:\/\/www.miracum.org\/wp-json\/wp\/v2\/users\/3748"}],"replies":[{"embeddable":true,"href":"https:\/\/www.miracum.org\/wp-json\/wp\/v2\/comments?post=6029"}],"version-history":[{"count":8,"href":"https:\/\/www.miracum.org\/wp-json\/wp\/v2\/pages\/6029\/revisions"}],"predecessor-version":[{"id":10230,"href":"https:\/\/www.miracum.org\/wp-json\/wp\/v2\/pages\/6029\/revisions\/10230"}],"up":[{"embeddable":true,"href":"https:\/\/www.miracum.org\/wp-json\/wp\/v2\/pages\/5767"}],"wp:attachment":[{"href":"https:\/\/www.miracum.org\/wp-json\/wp\/v2\/media?parent=6029"}],"wp:term":[{"taxonomy":"page_category","embeddable":true,"href":"https:\/\/www.miracum.org\/wp-json\/wp\/v2\/page_category?post=6029"},{"taxonomy":"page_tag","embeddable":true,"href":"https:\/\/www.miracum.org\/wp-json\/wp\/v2\/page_tag?post=6029"},{"taxonomy":"workflow_usergroup","embeddable":true,"href":"https:\/\/www.miracum.org\/wp-json\/wp\/v2\/workflow_usergroup?post=6029"}],"curies":[{"name":"wp","href":"https:\/\/api.w.org\/{rel}","templated":true}]}}