{"id":6983,"date":"2022-03-24T15:36:01","date_gmt":"2022-03-24T14:36:01","guid":{"rendered":"https:\/\/miracum.cms.rrze.uni-erlangen.de\/?page_id=6983"},"modified":"2022-07-13T11:06:29","modified_gmt":"2022-07-13T09:06:29","slug":"lemedart","status":"publish","type":"page","link":"https:\/\/www.miracum.org\/en\/forschung\/digitale-fortschritthubs\/lemedart\/","title":{"rendered":"LeMeDaRT"},"content":{"rendered":"<h3 style=\"text-align: left\">LeMeDaRT: supporting health with the smartphone<\/h3>\n<h4><\/h4>\n<h4>About the project<\/h4>\n<p><img loading=\"lazy\" decoding=\"async\" class=\"wp-image-6915 size-medium alignright\" src=\"https:\/\/miracum.cms.rrze.uni-erlangen.de\/files\/2022\/03\/lemedart_logo_en-300x203.jpg\" alt=\"\" width=\"300\" height=\"203\" srcset=\"https:\/\/www.miracum.org\/files\/2022\/03\/lemedart_logo_en-300x203.jpg 300w, https:\/\/www.miracum.org\/files\/2022\/03\/lemedart_logo_en-768x519.jpg 768w, https:\/\/www.miracum.org\/files\/2022\/03\/lemedart_logo_en-853x576.jpg 853w, https:\/\/www.miracum.org\/files\/2022\/03\/lemedart_logo_en.jpg 934w\" sizes=\"auto, (max-width: 300px) 100vw, 300px\" \/><\/p>\n<p style=\"text-align: justify\">The Digital Progress Hub LeMeDaRT (Lean medical data: the right data at the right time), funded by the German Federal Ministry of Education and Research (BMBF), is working to use digitization in medicine to improve care even in remote rural areas.<\/p>\n<p style=\"text-align: justify\">The distance to the nearest doctor&#8217;s office is often quite far in non-urban areas. In medical care, however, a personal approach to patients is important. Digitization can help to improve the situation on site; for example, a smartphone can contribute to optimizing health promotion, prevention and also the treatment itself. Intelligent self-documentation with apps and wearables \u00ac- i.e., wearable computer systems &#8211; can also enable patients to actively participate in the prevention or healing process. Artificial intelligence works in the background on the platforms developed in the Medical Informatics Initiative &#8211; naturally while maintaining data protection.<\/p>\n<p style=\"text-align: justify\">However, other players in the healthcare system also benefit from the implementation of the Medical Informatics Initiative in practice through the Digital Progress Hubs: these include, for example, outpatient medical professionals who can better monitor the symptoms of seriously ill patients in the doctor&#8217;s office or during home visits, or the health insurance companies, who can use the results to help them develop better prevention concepts.<\/p>\n<p style=\"text-align: justify\">For the cooperation partners in the small towns and communities, LeMeDaRT can draw on preliminary work and networking with an already existing cooperation: In the AMBIGOAL project, scientists from the Mannheim Medical Faculty are working out how to establish economically viable health practices in rural areas that improve medical care in a patient-centered, cross-sector approach and digitally supported. Within the framework of this collaboration, a close network between physicians in private practice, medical care centers and university hospitals is to be established.<\/p>\n<p style=\"text-align: justify\">Three use cases will initially investigate the feasibility of implementation in practice.<\/p>\n<hr \/>\n<h4>Use Cases<\/h4>\n<h5>Preparation and postoperative monitoring of cancer patients<\/h5>\n<p style=\"text-align: justify\">During a hospital stay &#8211; especially when it comes to a disease as serious and complex as cancer &#8211; large amounts of relevant data are often generated. But when patients are discharged, further follow-up care has not always been guaranteed until now. However, it would be important for clinicians to know how those they treat are doing as the disease progresses, in order to give further advice or gain insights. The situation is similar in the run-up to a hospital stay: the early exchange of patient data could help to better prepare affected people for surgery by providing concrete instructions for action, thus shortening hospital stays and improving rehabilitation. The hub will enable outpatient and inpatient care to be more closely integrated.<\/p>\n<h5>Infection monitoring<\/h5>\n<p style=\"text-align: justify\">In the second use case, the researchers would like to develop a decision-making aid in the event of a pandemic that is tailored to the personal situation of users and can be accessed via an app, for example. The goal is to improve risk assessment and provide a decision aid based on current infection events and the individual situation. Both decision-makers and affected individuals could benefit from a simple visualization based on the current infection situation in combination with other data sets, such as hospital occupancy rates.<\/p>\n<h5>Prevention and early intervention in liver disease<\/h5>\n<p style=\"text-align: justify\">So-called non-alcoholic fatty liver disease is becoming increasingly common as a consequence of obesity and lack of physical activity. The disease often goes undiagnosed because it does not cause pain, but it can result in life-threatening cirrhosis of the liver. Regular screening of the liver could help find undetected cases, but is not currently part of the preventive examinations paid for by health insurers. The LeMeDaRT team, in cooperation with a major health insurance company and other health care stakeholders, would like to optimize prevention processes by creating networks that also take into account the shortage of specialists in rural areas. In the future, graduated health care teams and also family physicians could make the necessary examinations. In the event of abnormal results, the relevant specialists would then be involved, for example via telemedicine. This would benefit everyone &#8211; physicians in private practice through decision-making aids and up-to-date information from research, patients through short distances, and the healthcare system through the avoidance of duplicate examinations and serious secondary illnesses among its insureds.<\/p>\n<hr \/>\n<h4 style=\"text-align: left\">Head of the Digital Hub<\/h4>\n<div class=\"three-columns-one\"><p>\n<\/div><br \/>\n<div class=\"three-columns-two last\"><\/p>\n<p>&nbsp;<\/p>\n<h4>Prof. Dr. Joachim Fischer<\/h4>\n<p><strong>Head of the Digital Hub LeMeDaRT<\/strong><br \/>\n<em>Center for Preventive Medicine and Digital Health Baden-W\u00fcrttemberg | Medical Faculty Mannheim of the Universit\u00e4t Heidelberg<br \/>\n<\/em><\/p>\n<p><a href=\"mailto:joachim.fischer@medma.uni-heidelberg.de\">Contact<\/a><\/p>\n<p>\n<\/div><br \/>\n<div class=\"elements-divider\"><\/div><\/p>\n<hr \/>\n<div class=\"rrze-elements accordion style_default\" id=\"accordion-0\"><\/p>\n<div class=\"accordion-group fau\">\n<h2 class=\"accordion-heading\"><button class=\"accordion-toggle\" data-toggle=\"collapse\"  href=\"#collapse_0\" aria-expanded=\"false\" aria-controls=\"collapse_0\" id=\"collapse_button_0\"> Partners <\/button><\/h2>\n<div id=\"collapse_0\" class=\"accordion-body\" aria-labelledby=\"collapse_button_0\">\n<div class=\"accordion-inner clearfix\">\n<ul>\n<li>Universit\u00e4t Heidelberg, Medizinische Fakult\u00e4t Mannheim<br \/>\nZentrum f\u00fcr Pr\u00e4ventivmedizin und Digitale Gesundheit Baden-W\u00fcrttemberg (CPD-BW)<br \/>\nMannheimer Institut f\u00fcr Public Health, Sozial- und Pr\u00e4ventivmedizin<br \/>\nKoordinierungsstelle Telemedizin Baden-W\u00fcrttemberg (KTBW)<br \/>\nMannheimer Institut f\u00fcr Intelligente Systeme in der Medizin (MIISM)<br \/>\nInstitut f\u00fcr Klinische Chemie<br \/>\nMedizinische Klinik II, Sektion f\u00fcr Hepatologie<br \/>\nChirurgische Klinik<\/li>\n<li>Universit\u00e4t Heidelberg<br \/>\nInstitut f\u00fcr Wissenschaftliches Rechnen (IWR)<br \/>\nInstitut f\u00fcr Geschichte und Ethik der Medizin (Medizinische Fakult\u00e4t Heidelberg)<br \/>\nDiakoniewissenschaftliches Institut (Theologische Fakult\u00e4t)<\/li>\n<li>Regionalverband Nordschwarzwald, Pforzheim<\/li>\n<li>Medizinisches Versorgungszentrum Calw\/Mednos GmbH<\/li>\n<li>BARMER Krankenkasse<\/li>\n<li>KV Baden-W\u00fcrttemberg<\/li>\n<li>HCI2 Health Care Innovation Institute GmbH<\/li>\n<li>HealthVision GmbH<\/li>\n<li>SHE AG<\/li>\n<li>Deutsche Leberhilfe<\/li>\n<\/ul>\n<\/div>\n<\/div>\n<\/div>\n<p><\/p>\n<div class=\"accordion-group fau\">\n<h2 class=\"accordion-heading\"><button class=\"accordion-toggle\" data-toggle=\"collapse\"  href=\"#collapse_1\" aria-expanded=\"false\" aria-controls=\"collapse_1\" id=\"collapse_button_1\"> Further Information <\/button><\/h2>\n<div id=\"collapse_1\" class=\"accordion-body\" aria-labelledby=\"collapse_button_1\">\n<div class=\"accordion-inner clearfix\">\n<p><a href=\"https:\/\/www.gesundheitsforschung-bmbf.de\/de\/lemedart-stadt-land-datenfluss-13055.php\">BMBF Website<\/a><\/p>\n<\/div>\n<\/div>\n<\/div>\n<\/div>\n\n<p>&nbsp;<\/p>\n<div class=\"shariff\"><ul class=\"shariff-buttons theme-default orientation-horizontal buttonsize-medium\"><li class=\"shariff-button mastodon shariff-nocustomcolor\" style=\"background-color:#563ACC\"><a href=\"https:\/\/s2f.kytta.dev\/?text=LeMeDaRT https%3A%2F%2Fwww.miracum.org%2Fen%2Fforschung%2Fdigitale-fortschritthubs%2Flemedart%2F\" title=\"Share on Mastodon\" aria-label=\"Share on Mastodon\" role=\"button\" rel=\"noopener nofollow\" class=\"shariff-link\" style=\"; background-color:#6364FF; color:#fff\" target=\"_blank\"><span class=\"shariff-icon\" style=\"\"><svg width=\"75\" height=\"79\" viewBox=\"0 0 75 79\" fill=\"none\" xmlns=\"http:\/\/www.w3.org\/2000\/svg\"><path d=\"M37.813-.025C32.462-.058 27.114.13 21.79.598c-8.544.621-17.214 5.58-20.203 13.931C-1.12 23.318.408 32.622.465 41.65c.375 7.316.943 14.78 3.392 21.73 4.365 9.465 14.781 14.537 24.782 15.385 7.64.698 15.761-.213 22.517-4.026a54.1 54.1 0 0 0 .01-6.232c-6.855 1.316-14.101 2.609-21.049 1.074-3.883-.88-6.876-4.237-7.25-8.215-1.53-3.988 3.78-.43 5.584-.883 9.048 1.224 18.282.776 27.303-.462 7.044-.837 14.26-4.788 16.65-11.833 2.263-6.135 1.215-12.79 1.698-19.177.06-3.84.09-7.692-.262-11.52C72.596 7.844 63.223.981 53.834.684a219.453 219.453 0 0 0-16.022-.71zm11.294 12.882c5.5-.067 10.801 4.143 11.67 9.653.338 1.48.471 3 .471 4.515v21.088h-8.357c-.07-7.588.153-15.182-.131-22.765-.587-4.368-7.04-5.747-9.672-2.397-2.422 3.04-1.47 7.155-1.67 10.735v6.392h-8.307c-.146-4.996.359-10.045-.404-15.002-1.108-4.218-7.809-5.565-10.094-1.666-1.685 3.046-.712 6.634-.976 9.936v14.767h-8.354c.109-8.165-.238-16.344.215-24.5.674-5.346 5.095-10.389 10.676-10.627 4.902-.739 10.103 2.038 12.053 6.631.375 1.435 1.76 1.932 1.994.084 1.844-3.704 5.501-6.739 9.785-6.771.367-.044.735-.068 1.101-.073z\"\/><defs><linearGradient id=\"paint0_linear_549_34\" x1=\"37.0692\" y1=\"0\" x2=\"37.0692\" y2=\"79\" gradientUnits=\"userSpaceOnUse\"><stop stop-color=\"#6364FF\"\/><stop offset=\"1\" stop-color=\"#563ACC\"\/><\/linearGradient><\/defs><\/svg><\/span><span class=\"shariff-text\">share<\/span>&nbsp;<\/a><\/li><li class=\"shariff-button facebook shariff-nocustomcolor\" style=\"background-color:#4273c8\"><a href=\"https:\/\/www.facebook.com\/sharer\/sharer.php?u=https%3A%2F%2Fwww.miracum.org%2Fen%2Fforschung%2Fdigitale-fortschritthubs%2Flemedart%2F\" title=\"Share on Facebook\" aria-label=\"Share on Facebook\" role=\"button\" rel=\"nofollow\" class=\"shariff-link\" style=\"; background-color:#3b5998; color:#fff\" target=\"_blank\"><span class=\"shariff-icon\" style=\"\"><svg width=\"32px\" height=\"20px\" xmlns=\"http:\/\/www.w3.org\/2000\/svg\" viewBox=\"0 0 18 32\"><path fill=\"#3b5998\" d=\"M17.1 0.2v4.7h-2.8q-1.5 0-2.1 0.6t-0.5 1.9v3.4h5.2l-0.7 5.3h-4.5v13.6h-5.5v-13.6h-4.5v-5.3h4.5v-3.9q0-3.3 1.9-5.2t5-1.8q2.6 0 4.1 0.2z\"\/><\/svg><\/span><span class=\"shariff-text\">share<\/span>&nbsp;<\/a><\/li><li class=\"shariff-button linkedin shariff-nocustomcolor\" style=\"background-color:#1488bf\"><a href=\"https:\/\/www.linkedin.com\/sharing\/share-offsite\/?url=https%3A%2F%2Fwww.miracum.org%2Fen%2Fforschung%2Fdigitale-fortschritthubs%2Flemedart%2F\" title=\"Share on LinkedIn\" aria-label=\"Share on LinkedIn\" role=\"button\" rel=\"noopener nofollow\" class=\"shariff-link\" style=\"; background-color:#0077b5; color:#fff\" target=\"_blank\"><span class=\"shariff-icon\" style=\"\"><svg width=\"32px\" height=\"20px\" xmlns=\"http:\/\/www.w3.org\/2000\/svg\" viewBox=\"0 0 27 32\"><path fill=\"#0077b5\" d=\"M6.2 11.2v17.7h-5.9v-17.7h5.9zM6.6 5.7q0 1.3-0.9 2.2t-2.4 0.9h0q-1.5 0-2.4-0.9t-0.9-2.2 0.9-2.2 2.4-0.9 2.4 0.9 0.9 2.2zM27.4 18.7v10.1h-5.9v-9.5q0-1.9-0.7-2.9t-2.3-1.1q-1.1 0-1.9 0.6t-1.2 1.5q-0.2 0.5-0.2 1.4v9.9h-5.9q0-7.1 0-11.6t0-5.3l0-0.9h5.9v2.6h0q0.4-0.6 0.7-1t1-0.9 1.6-0.8 2-0.3q3 0 4.9 2t1.9 6z\"\/><\/svg><\/span><span class=\"shariff-text\">share<\/span>&nbsp;<\/a><\/li><li class=\"shariff-button info shariff-nocustomcolor\" style=\"background-color:#eee\"><a href=\"http:\/\/ct.de\/-2467514\" title=\"More information\" aria-label=\"More information\" role=\"button\" rel=\"noopener \" class=\"shariff-link\" style=\"; background-color:#fff; color:#fff\" target=\"_blank\"><span class=\"shariff-icon\" style=\"\"><svg width=\"32px\" height=\"20px\" xmlns=\"http:\/\/www.w3.org\/2000\/svg\" viewBox=\"0 0 11 32\"><path fill=\"#999\" d=\"M11.4 24v2.3q0 0.5-0.3 0.8t-0.8 0.4h-9.1q-0.5 0-0.8-0.4t-0.4-0.8v-2.3q0-0.5 0.4-0.8t0.8-0.4h1.1v-6.8h-1.1q-0.5 0-0.8-0.4t-0.4-0.8v-2.3q0-0.5 0.4-0.8t0.8-0.4h6.8q0.5 0 0.8 0.4t0.4 0.8v10.3h1.1q0.5 0 0.8 0.4t0.3 0.8zM9.2 3.4v3.4q0 0.5-0.4 0.8t-0.8 0.4h-4.6q-0.4 0-0.8-0.4t-0.4-0.8v-3.4q0-0.4 0.4-0.8t0.8-0.4h4.6q0.5 0 0.8 0.4t0.4 0.8z\"\/><\/svg><\/span><\/a><\/li><\/ul><\/div>","protected":false},"excerpt":{"rendered":"<p>LeMeDaRT: supporting health with the smartphone About the project The Digital Progress Hub LeMeDaRT (Lean medical data: the right data at the right time), funded by the German Federal Ministry&hellip;<!--&hellip;--> <a class=\"more-link fa fa-angle-double-right\" href=\"https:\/\/www.miracum.org\/en\/forschung\/digitale-fortschritthubs\/lemedart\/\" title=\"Read more about &quot;LeMeDaRT&quot;\"><\/a><\/p>\n","protected":false},"author":3748,"featured_media":0,"parent":6767,"menu_order":0,"comment_status":"closed","ping_status":"closed","template":"","meta":{"_rrze_cache":"enabled","_rrze_multilang_single_locale":"en_US","_rrze_multilang_single_source":"https:\/\/miracum.cms.rrze.uni-erlangen.de\/?page_id=6288","footnotes":""},"page_category":[],"page_tag":[],"workflow_usergroup":[],"class_list":["post-6983","page","type-page","status-publish","hentry","en-US"],"_links":{"self":[{"href":"https:\/\/www.miracum.org\/wp-json\/wp\/v2\/pages\/6983","targetHints":{"allow":["GET"]}}],"collection":[{"href":"https:\/\/www.miracum.org\/wp-json\/wp\/v2\/pages"}],"about":[{"href":"https:\/\/www.miracum.org\/wp-json\/wp\/v2\/types\/page"}],"author":[{"embeddable":true,"href":"https:\/\/www.miracum.org\/wp-json\/wp\/v2\/users\/3748"}],"replies":[{"embeddable":true,"href":"https:\/\/www.miracum.org\/wp-json\/wp\/v2\/comments?post=6983"}],"version-history":[{"count":5,"href":"https:\/\/www.miracum.org\/wp-json\/wp\/v2\/pages\/6983\/revisions"}],"predecessor-version":[{"id":7022,"href":"https:\/\/www.miracum.org\/wp-json\/wp\/v2\/pages\/6983\/revisions\/7022"}],"up":[{"embeddable":true,"href":"https:\/\/www.miracum.org\/wp-json\/wp\/v2\/pages\/6767"}],"wp:attachment":[{"href":"https:\/\/www.miracum.org\/wp-json\/wp\/v2\/media?parent=6983"}],"wp:term":[{"taxonomy":"page_category","embeddable":true,"href":"https:\/\/www.miracum.org\/wp-json\/wp\/v2\/page_category?post=6983"},{"taxonomy":"page_tag","embeddable":true,"href":"https:\/\/www.miracum.org\/wp-json\/wp\/v2\/page_tag?post=6983"},{"taxonomy":"workflow_usergroup","embeddable":true,"href":"https:\/\/www.miracum.org\/wp-json\/wp\/v2\/workflow_usergroup?post=6983"}],"curies":[{"name":"wp","href":"https:\/\/api.w.org\/{rel}","templated":true}]}}