{"id":7014,"date":"2022-03-25T08:56:08","date_gmt":"2022-03-25T07:56:08","guid":{"rendered":"https:\/\/miracum.cms.rrze.uni-erlangen.de\/?page_id=7014"},"modified":"2023-01-23T17:00:22","modified_gmt":"2023-01-23T16:00:22","slug":"promodell","status":"publish","type":"page","link":"https:\/\/www.miracum.org\/en\/forschung\/nachwuchsforschergruppen\/promodell\/","title":{"rendered":"ProModell"},"content":{"rendered":"<h3 style=\"text-align: left\"><span style=\"font-family: helvetica, arial, sans-serif\">Interactive generation and simulation of prognostic, personalized digital patient models<\/span><\/h3>\n<h4 style=\"text-align: justify\"><\/h4>\n<h4 style=\"text-align: justify\"><span style=\"font-family: helvetica, arial, sans-serif\">About the project<\/span><\/h4>\n<p style=\"text-align: justify\"><span style=\"font-family: helvetica, arial, sans-serif\"><img loading=\"lazy\" decoding=\"async\" class=\"size-medium wp-image-6902 alignright\" src=\"https:\/\/miracum.cms.rrze.uni-erlangen.de\/files\/2022\/03\/promodell_logo-300x268.png\" alt=\"\" width=\"300\" height=\"268\" srcset=\"https:\/\/www.miracum.org\/files\/2022\/03\/promodell_logo-300x268.png 300w, https:\/\/www.miracum.org\/files\/2022\/03\/promodell_logo-768x686.png 768w, https:\/\/www.miracum.org\/files\/2022\/03\/promodell_logo-645x576.png 645w, https:\/\/www.miracum.org\/files\/2022\/03\/promodell_logo-773x690.png 773w, https:\/\/www.miracum.org\/files\/2022\/03\/promodell_logo.png 1024w\" sizes=\"auto, (max-width: 300px) 100vw, 300px\" \/><\/span><\/p>\n<p style=\"text-align: justify\"><span style=\"font-family: helvetica, arial, sans-serif\">Neurostimulation strategies such as deep brain stimulation and spinal cord stimulation have demonstrated to be clinically effective treatments for various neurological disorders, e.g. Parkinson\u2019s disease or neuropathic pain. Neurostimulation offers a promising and more targeted alternative to pharmacological approaches potentially without systemic side effects. As the mechanisms of action of neurostimulation strategies remain to be determined, the identification of optimal or even appropriate stimulation parameters remains challenging. Moreover, the most effective stimulation parameter may vary from subject to subject, and stimulation parameters that have been configured for one application may not be effective for another. It remains to be determined if the same stimulation parameters can be used for the treatment of multiple dysfunctions (i.e. locomotor recovery versus restoration of bladder function) or if different stimulation parameters will be required. Additionally, there remains a gap in translating preclinical studies to clinical applications. We believe that the goal of determining successful parameters for neurostimulation strongly depends on novel modeling tools that can determine the underlying mechanisms of action and identify optimal stimulation strategies on a per subject basis.<\/span><\/p>\n<hr \/>\n<h4 style=\"text-align: justify\"><span style=\"font-family: helvetica, arial, sans-serif\">Goals<\/span><\/h4>\n<p style=\"text-align: justify\"><span style=\"font-family: helvetica, arial, sans-serif\">The research group ProModell aims to initiate a breakthrough for in-silico development of novel neurostimulation strategies and precise planning of neurotherapies. We develop computational tools for the rapid generation of anatomically, physically, and neurofunctionally accurate digital twins. Digital neuro-twins will enable investigators and clinicians to develop and deploy effective, safe, and robust neurostimulation strategies.<\/span><\/p>\n<hr \/>\n<h4 style=\"text-align: justify\"><span style=\"font-family: helvetica, arial, sans-serif\">Lead of the Junior Research Group<\/span><\/h4>\n<p style=\"text-align: justify\"><div class=\"three-columns-one\"><\/p>\n<p style=\"text-align: justify\"><img loading=\"lazy\" decoding=\"async\" class=\"wp-image-6958 size-medium aligncenter\" style=\"border-radius: 200px\" src=\"https:\/\/miracum.cms.rrze.uni-erlangen.de\/files\/2022\/03\/promodell_portrait_rowald-1-300x300.jpg\" alt=\"\" width=\"300\" height=\"300\" srcset=\"https:\/\/www.miracum.org\/files\/2022\/03\/promodell_portrait_rowald-1.jpg 300w, https:\/\/www.miracum.org\/files\/2022\/03\/promodell_portrait_rowald-1-150x150.jpg 150w\" sizes=\"auto, (max-width: 300px) 100vw, 300px\" \/><\/p>\n<\/div><br \/>\n<div class=\"three-columns-two last\"><\/p>\n<h4><\/h4>\n<p>&nbsp;<\/p>\n<h4 style=\"text-align: justify\"><span style=\"font-family: helvetica, arial, sans-serif\">Dr. Andreas Rowald<\/span><\/h4>\n<p style=\"text-align: justify\"><span style=\"font-family: helvetica, arial, sans-serif\"><strong>Lead of the Junior Research Group\u00a0 ProModell<\/strong><\/span><br \/>\n<span style=\"font-family: helvetica, arial, sans-serif\"><em>Chair of Digital Health | Friedrich-Alexander-Universit\u00e4t Erlangen-N\u00fcrnberg<br \/>\n<\/em><\/span><\/p>\n<p style=\"text-align: justify\"><span style=\"font-family: helvetica, arial, sans-serif\"><a href=\"mailto:andreas.rowald@fau.de\">Contact<\/a><\/span><\/p>\n<p style=\"text-align: justify\"><a href=\"https:\/\/www.cdh.med.fau.de\/2022\/03\/16\/research-group-promodell-interactive-creation-and-simulation-of-prognostic-personalized-digital-patient-models\/\"><span style=\"font-family: helvetica, arial, sans-serif\">Website<\/span><\/a><\/p>\n<\/div><br \/>\n<div class=\"elements-divider\"><\/div><\/p>\n<hr \/>\n<p style=\"text-align: justify\"><div class=\"rrze-elements accordion style_default\" id=\"accordion-0\"><\/p>\n<div class=\"accordion-group fau\">\n<h2 class=\"accordion-heading\"><button class=\"accordion-toggle\" data-toggle=\"collapse\"  href=\"#collapse_0\" aria-expanded=\"false\" aria-controls=\"collapse_0\" id=\"collapse_button_0\"> Publications <\/button><\/h2>\n<div id=\"collapse_0\" class=\"accordion-body\" aria-labelledby=\"collapse_button_0\">\n<div class=\"accordion-inner clearfix\">\n<ul style=\"text-align: justify\">\n<li><span style=\"font-family: helvetica, arial, sans-serif\">Rowald A et al. &#8211; <a href=\"https:\/\/www.frontiersin.org\/articles\/10.3389\/fnbot.2022.983072\/full\">A computational roadmap to electronic drugs.<\/a> Front Neurorobot 2022; 16:983072. DOI: <span class=\"citation-doi\">10.3389\/fnbot.2022.983072.<\/span><\/span><\/li>\n<li><span style=\"font-family: helvetica, arial, sans-serif\">Rowald A et al. &#8211; <a href=\"https:\/\/www.nature.com\/articles\/s41591-021-01663-5#citeas\">Activity-dependent spinal cord neuromodulation rapidly restores trunk and leg motor functions after complete paralysis<\/a>. Nat Med 2022; 28:260\u2013271. DOI: 10.1038\/s41591-021-01663-5.<\/span><\/li>\n<li><span style=\"font-family: helvetica, arial, sans-serif\">Amunts K et al. &#8211; <a href=\"https:\/\/zenodo.org\/record\/6630232#.YrAYWdPP1hE\">The coming decade of digital brain research &#8211; A vision for neuroscience at the intersection of technology and computing<\/a>. Zenodo 2022. DOI: 10.5281\/zenodo.6630232.<\/span><\/li>\n<\/ul>\n<p style=\"text-align: justify\"><\/div>\n<\/div>\n<\/div>\n<p><\/p>\n<div class=\"accordion-group fau\">\n<h2 class=\"accordion-heading\"><button class=\"accordion-toggle\" data-toggle=\"collapse\"  href=\"#collapse_1\" aria-expanded=\"false\" aria-controls=\"collapse_1\" id=\"collapse_button_1\"> Further Information <\/button><\/h2>\n<div id=\"collapse_1\" class=\"accordion-body\" aria-labelledby=\"collapse_button_1\">\n<div class=\"accordion-inner clearfix\">\n<div class=\"content-wrapper\" style=\"text-align: justify\">\n<p><span style=\"font-family: helvetica, arial, sans-serif\">Videos<\/span><\/p>\n<ul>\n<li><a href=\"https:\/\/www.ndr.de\/fernsehen\/sendungen\/visite\/Querschnittslaehmung-Neue-Therapie-mit-Elektrostimulation,visite22486.html\"><span style=\"font-family: helvetica, arial, sans-serif\">NDR &#8211; Querschnittsl\u00e4hmung: Neue Therapie mit Elektrostimulation<\/span><\/a><\/li>\n<li><span style=\"font-family: helvetica, arial, sans-serif\">i24 News English &#8211; <a href=\"https:\/\/www.youtube.com\/watch?v=9LtuXDPFzz4\">New implant gives paralyzed man ability to walk<\/a><\/span><\/li>\n<li><span style=\"font-family: helvetica, arial, sans-serif\">WGN News &#8211; <a href=\"https:\/\/www.youtube.com\/watch?v=PCnlsQj8Lcs\">Spinal Implant Helps Paralyzed Man Walk Again<\/a><\/span><\/li>\n<li><span style=\"font-family: helvetica, arial, sans-serif\">MIRACUM Symposium 2021 &#8211; <a href=\"https:\/\/www.youtube.com\/watch?v=PCnlsQj8Lcs\">Erzeugung und Simulation prognostischer Patientenmodellen<\/a><\/span><\/li>\n<\/ul>\n<p><span style=\"font-family: helvetica, arial, sans-serif\">Podcasts<\/span><\/p>\n<ul>\n<li><span style=\"font-family: helvetica, arial, sans-serif\">Neurology Podcast &#8211; <\/span><a href=\"https:\/\/directory.libsyn.com\/episode\/index\/id\/23053817\"><span style=\"font-family: helvetica, arial, sans-serif\">Neuromodulation Restores Function in Spinal Cord Injury<\/span><\/a><\/li>\n<\/ul>\n<p><span style=\"font-family: helvetica, arial, sans-serif\">News \/ Articles<\/span><\/p>\n<ul>\n<li><span style=\"font-family: helvetica, arial, sans-serif\">FAU &#8211; <a href=\"https:\/\/www.fau.eu\/2022\/02\/16\/news\/research\/new-medical-advances-thanks-to-digital-twins\/\">FAU researchers develop personalised electrotherapies<\/a><\/span><\/li>\n<li><span style=\"font-family: helvetica, arial, sans-serif\">verywellhealth &#8211; <a href=\"https:\/\/www.verywellhealth.com\/spinal-cord-injury-walking-5219639\">Paralyzed Patients Are Walking Again After Spinal Cord Stimulation<\/a><\/span><\/li>\n<li><span style=\"font-family: helvetica, arial, sans-serif\">Yahoo! &#8211; <a href=\"https:\/\/news.yahoo.com\/paralysed-men-walk-again-thanks-071247540.html?guccounter=1\">Paralysed men walk again thanks to spine implant<\/a><\/span><\/li>\n<li><span style=\"font-family: helvetica, arial, sans-serif\">scinexx &#8211; <a href=\"https:\/\/www.scinexx.de\/news\/medizin\/rueckenmarks-schrittmacher-fuer-gelaehmte\/\">R\u00fcckenmarks-Schrittmacher f\u00fcr Gel\u00e4hmte<\/a><\/span><\/li>\n<li><span style=\"font-family: helvetica, arial, sans-serif\">TECHZLE &#8211; <a href=\"http:\/\/techzle.com\/electrode-implant-allows-paralyzed-people-to-walk\">Electrode implant allows paralyzed people to walk<\/a><\/span><\/li>\n<li><span style=\"font-family: helvetica, arial, sans-serif\">Bild der Wissenschaft &#8211; <a href=\"https:\/\/www.wissenschaft.de\/gesundheit-medizin\/elektrodenimplantat-laesst-gelaehmte-gehen\/\">Elektrodenimplantat l\u00e4sst Gel\u00e4hmte gehen<\/a><\/span><\/li>\n<li><span style=\"font-family: helvetica, arial, sans-serif\">Sciena &#8211; <a href=\"https:\/\/www.sciena.ch\/de\/research\/new-implant-offers-promise-for-the-paralyzed.html\">New implant offers promise for the paralyzed<\/a><\/span><\/li>\n<li><span style=\"font-family: helvetica, arial, sans-serif\">Genethique &#8211; <a href=\"https:\/\/www.genethique.org\/neurotechnologies-trois-hommes-paralyses-retrouvent-la-faculte-de-marcher\/\">Neurologies trois hommes paralyses retrouvent la faculte de marcher<\/a><\/span><\/li>\n<li><span style=\"font-family: helvetica, arial, sans-serif\">BVMed &#8211; <a href=\"https:\/\/www.bvmed.de\/de\/technologien\/trends\/elektrostimulation-laesst-gelaehmte-nach-einem-tag-wieder-gehen\">Elektrostimulation l\u00e4sst Gel\u00e4hmte nach einem Tag wieder gehen<\/a><\/span><\/li>\n<li><span style=\"font-family: helvetica, arial, sans-serif\">QMSystems &#8211; <a href=\"https:\/\/qmssystems.com\/breakthrough-neurotechnology-for-treating-paralysis\/\">Breakthrough neurotechnolog for treating paralysis<\/a><\/span><\/li>\n<li><span style=\"font-family: helvetica, arial, sans-serif\">MedicalYXpress &#8211; <a href=\"https:\/\/medicalxpress.com\/news\/2022-02-technology-movement-spinal-cord-paralysis.html\">New technology restores movement after spinal cord paralysis<\/a><\/span><\/li>\n<li><span style=\"font-family: helvetica, arial, sans-serif\">Medical Brief &#8211; <\/span><a href=\"https:\/\/www.medicalbrief.co.za\/stimulation-helps-3-paralysed-patients-stand-and-walk-within-hours-of-surgery\/\"><span style=\"font-family: helvetica, arial, sans-serif\">Stimulation helps 3 paralysed patients stand and walk within hours of surgery<\/span><\/a><\/li>\n<li><\/li>\n<\/ul>\n<p><span style=\"font-family: helvetica, arial, sans-serif\">Talks<\/span><\/p>\n<ul>\n<li><span style=\"font-family: helvetica, arial, sans-serif\">Keynote at <\/span><a href=\"https:\/\/summit2023.humanbrainproject.eu\/program\/\"><span style=\"font-family: helvetica, arial, sans-serif\">Human Brain Project Summit 2023<\/span><\/a><\/li>\n<li><span style=\"font-family: helvetica, arial, sans-serif\">Keynote at the PhD symposium at the Medical University Vienna &#8211; <a href=\"https:\/\/www.facebook.com\/131349487607153\/posts\/1196540764421348\/\">Facebook<\/a> | <a href=\"https:\/\/www.linkedin.com\/posts\/ysa-meduni-wien-456734201_roadtoysa22-science-phdsymposium-activity-6919950563690356736-wstH\/?utm_source=linkedin_share&amp;utm_medium=member_desktop_web\">LinkedIn<\/a> | <\/span><a href=\"https:\/\/www.instagram.com\/p\/CcQX2pPI5Uh\/?utm_source=ig_web_copy_link\"><span style=\"font-family: helvetica, arial, sans-serif\">Instagram<\/span><\/a><\/li>\n<li><span style=\"font-family: helvetica, arial, sans-serif\">MSCB Keynote Lecture &#8211; <\/span><a href=\"https:\/\/imscbucharest.com\/keynote-lectures\/\"><span style=\"font-family: helvetica, arial, sans-serif\">Digital Twins for Personalized Neurostimulation<\/span><\/a><\/li>\n<\/ul>\n<\/div>\n<p style=\"text-align: justify\"><\/div>\n<\/div>\n<\/div>\n<p>\n<\/div>\n<\/p>\n<div class=\"shariff\"><ul class=\"shariff-buttons theme-default orientation-horizontal buttonsize-medium\"><li class=\"shariff-button mastodon shariff-nocustomcolor\" style=\"background-color:#563ACC\"><a href=\"https:\/\/s2f.kytta.dev\/?text=ProModell https%3A%2F%2Fwww.miracum.org%2Fen%2Fforschung%2Fnachwuchsforschergruppen%2Fpromodell%2F\" title=\"Share on Mastodon\" aria-label=\"Share on Mastodon\" role=\"button\" rel=\"noopener nofollow\" class=\"shariff-link\" style=\"; background-color:#6364FF; color:#fff\" target=\"_blank\"><span class=\"shariff-icon\" style=\"\"><svg width=\"75\" height=\"79\" viewBox=\"0 0 75 79\" fill=\"none\" xmlns=\"http:\/\/www.w3.org\/2000\/svg\"><path d=\"M37.813-.025C32.462-.058 27.114.13 21.79.598c-8.544.621-17.214 5.58-20.203 13.931C-1.12 23.318.408 32.622.465 41.65c.375 7.316.943 14.78 3.392 21.73 4.365 9.465 14.781 14.537 24.782 15.385 7.64.698 15.761-.213 22.517-4.026a54.1 54.1 0 0 0 .01-6.232c-6.855 1.316-14.101 2.609-21.049 1.074-3.883-.88-6.876-4.237-7.25-8.215-1.53-3.988 3.78-.43 5.584-.883 9.048 1.224 18.282.776 27.303-.462 7.044-.837 14.26-4.788 16.65-11.833 2.263-6.135 1.215-12.79 1.698-19.177.06-3.84.09-7.692-.262-11.52C72.596 7.844 63.223.981 53.834.684a219.453 219.453 0 0 0-16.022-.71zm11.294 12.882c5.5-.067 10.801 4.143 11.67 9.653.338 1.48.471 3 .471 4.515v21.088h-8.357c-.07-7.588.153-15.182-.131-22.765-.587-4.368-7.04-5.747-9.672-2.397-2.422 3.04-1.47 7.155-1.67 10.735v6.392h-8.307c-.146-4.996.359-10.045-.404-15.002-1.108-4.218-7.809-5.565-10.094-1.666-1.685 3.046-.712 6.634-.976 9.936v14.767h-8.354c.109-8.165-.238-16.344.215-24.5.674-5.346 5.095-10.389 10.676-10.627 4.902-.739 10.103 2.038 12.053 6.631.375 1.435 1.76 1.932 1.994.084 1.844-3.704 5.501-6.739 9.785-6.771.367-.044.735-.068 1.101-.073z\"\/><defs><linearGradient id=\"paint0_linear_549_34\" x1=\"37.0692\" y1=\"0\" x2=\"37.0692\" y2=\"79\" gradientUnits=\"userSpaceOnUse\"><stop stop-color=\"#6364FF\"\/><stop offset=\"1\" stop-color=\"#563ACC\"\/><\/linearGradient><\/defs><\/svg><\/span><span class=\"shariff-text\">share<\/span>&nbsp;<\/a><\/li><li class=\"shariff-button facebook shariff-nocustomcolor\" style=\"background-color:#4273c8\"><a href=\"https:\/\/www.facebook.com\/sharer\/sharer.php?u=https%3A%2F%2Fwww.miracum.org%2Fen%2Fforschung%2Fnachwuchsforschergruppen%2Fpromodell%2F\" title=\"Share on Facebook\" aria-label=\"Share on Facebook\" role=\"button\" rel=\"nofollow\" class=\"shariff-link\" style=\"; background-color:#3b5998; color:#fff\" target=\"_blank\"><span class=\"shariff-icon\" style=\"\"><svg width=\"32px\" height=\"20px\" xmlns=\"http:\/\/www.w3.org\/2000\/svg\" viewBox=\"0 0 18 32\"><path fill=\"#3b5998\" d=\"M17.1 0.2v4.7h-2.8q-1.5 0-2.1 0.6t-0.5 1.9v3.4h5.2l-0.7 5.3h-4.5v13.6h-5.5v-13.6h-4.5v-5.3h4.5v-3.9q0-3.3 1.9-5.2t5-1.8q2.6 0 4.1 0.2z\"\/><\/svg><\/span><span class=\"shariff-text\">share<\/span>&nbsp;<\/a><\/li><li class=\"shariff-button linkedin shariff-nocustomcolor\" style=\"background-color:#1488bf\"><a href=\"https:\/\/www.linkedin.com\/sharing\/share-offsite\/?url=https%3A%2F%2Fwww.miracum.org%2Fen%2Fforschung%2Fnachwuchsforschergruppen%2Fpromodell%2F\" title=\"Share on LinkedIn\" aria-label=\"Share on LinkedIn\" role=\"button\" rel=\"noopener nofollow\" class=\"shariff-link\" style=\"; background-color:#0077b5; color:#fff\" target=\"_blank\"><span class=\"shariff-icon\" style=\"\"><svg width=\"32px\" height=\"20px\" xmlns=\"http:\/\/www.w3.org\/2000\/svg\" viewBox=\"0 0 27 32\"><path fill=\"#0077b5\" d=\"M6.2 11.2v17.7h-5.9v-17.7h5.9zM6.6 5.7q0 1.3-0.9 2.2t-2.4 0.9h0q-1.5 0-2.4-0.9t-0.9-2.2 0.9-2.2 2.4-0.9 2.4 0.9 0.9 2.2zM27.4 18.7v10.1h-5.9v-9.5q0-1.9-0.7-2.9t-2.3-1.1q-1.1 0-1.9 0.6t-1.2 1.5q-0.2 0.5-0.2 1.4v9.9h-5.9q0-7.1 0-11.6t0-5.3l0-0.9h5.9v2.6h0q0.4-0.6 0.7-1t1-0.9 1.6-0.8 2-0.3q3 0 4.9 2t1.9 6z\"\/><\/svg><\/span><span class=\"shariff-text\">share<\/span>&nbsp;<\/a><\/li><li class=\"shariff-button info shariff-nocustomcolor\" style=\"background-color:#eee\"><a href=\"http:\/\/ct.de\/-2467514\" title=\"More information\" aria-label=\"More information\" role=\"button\" rel=\"noopener \" class=\"shariff-link\" style=\"; background-color:#fff; color:#fff\" target=\"_blank\"><span class=\"shariff-icon\" style=\"\"><svg width=\"32px\" height=\"20px\" xmlns=\"http:\/\/www.w3.org\/2000\/svg\" viewBox=\"0 0 11 32\"><path fill=\"#999\" d=\"M11.4 24v2.3q0 0.5-0.3 0.8t-0.8 0.4h-9.1q-0.5 0-0.8-0.4t-0.4-0.8v-2.3q0-0.5 0.4-0.8t0.8-0.4h1.1v-6.8h-1.1q-0.5 0-0.8-0.4t-0.4-0.8v-2.3q0-0.5 0.4-0.8t0.8-0.4h6.8q0.5 0 0.8 0.4t0.4 0.8v10.3h1.1q0.5 0 0.8 0.4t0.3 0.8zM9.2 3.4v3.4q0 0.5-0.4 0.8t-0.8 0.4h-4.6q-0.4 0-0.8-0.4t-0.4-0.8v-3.4q0-0.4 0.4-0.8t0.8-0.4h4.6q0.5 0 0.8 0.4t0.4 0.8z\"\/><\/svg><\/span><\/a><\/li><\/ul><\/div>","protected":false},"excerpt":{"rendered":"<p>Interactive generation and simulation of prognostic, personalized digital patient models About the project Neurostimulation strategies such as deep brain stimulation and spinal cord stimulation have demonstrated to be clinically effective&hellip;<!--&hellip;--> <a class=\"more-link fa fa-angle-double-right\" href=\"https:\/\/www.miracum.org\/en\/forschung\/nachwuchsforschergruppen\/promodell\/\" title=\"Read more about &quot;ProModell&quot;\"><\/a><\/p>\n","protected":false},"author":3748,"featured_media":0,"parent":8988,"menu_order":0,"comment_status":"closed","ping_status":"closed","template":"","meta":{"_rrze_cache":"enabled","_rrze_multilang_single_locale":"en_US","_rrze_multilang_single_source":"https:\/\/miracum.cms.rrze.uni-erlangen.de\/?page_id=6279","footnotes":""},"page_category":[],"page_tag":[],"workflow_usergroup":[],"class_list":["post-7014","page","type-page","status-publish","hentry","en-US"],"_links":{"self":[{"href":"https:\/\/www.miracum.org\/wp-json\/wp\/v2\/pages\/7014","targetHints":{"allow":["GET"]}}],"collection":[{"href":"https:\/\/www.miracum.org\/wp-json\/wp\/v2\/pages"}],"about":[{"href":"https:\/\/www.miracum.org\/wp-json\/wp\/v2\/types\/page"}],"author":[{"embeddable":true,"href":"https:\/\/www.miracum.org\/wp-json\/wp\/v2\/users\/3748"}],"replies":[{"embeddable":true,"href":"https:\/\/www.miracum.org\/wp-json\/wp\/v2\/comments?post=7014"}],"version-history":[{"count":8,"href":"https:\/\/www.miracum.org\/wp-json\/wp\/v2\/pages\/7014\/revisions"}],"predecessor-version":[{"id":9026,"href":"https:\/\/www.miracum.org\/wp-json\/wp\/v2\/pages\/7014\/revisions\/9026"}],"up":[{"embeddable":true,"href":"https:\/\/www.miracum.org\/wp-json\/wp\/v2\/pages\/8988"}],"wp:attachment":[{"href":"https:\/\/www.miracum.org\/wp-json\/wp\/v2\/media?parent=7014"}],"wp:term":[{"taxonomy":"page_category","embeddable":true,"href":"https:\/\/www.miracum.org\/wp-json\/wp\/v2\/page_category?post=7014"},{"taxonomy":"page_tag","embeddable":true,"href":"https:\/\/www.miracum.org\/wp-json\/wp\/v2\/page_tag?post=7014"},{"taxonomy":"workflow_usergroup","embeddable":true,"href":"https:\/\/www.miracum.org\/wp-json\/wp\/v2\/workflow_usergroup?post=7014"}],"curies":[{"name":"wp","href":"https:\/\/api.w.org\/{rel}","templated":true}]}}